{"id":193,"date":"2015-06-02T14:56:18","date_gmt":"2015-06-02T14:56:18","guid":{"rendered":"https:\/\/edicao2025.jardimdasarteseletras.pt\/beta\/?page_id=193"},"modified":"2025-07-31T13:56:43","modified_gmt":"2025-07-31T13:56:43","slug":"mapa","status":"publish","type":"page","link":"https:\/\/edicao2025.jardimdasarteseletras.pt\/en\/mapa\/","title":{"rendered":"Map"},"content":{"rendered":"<p class=\"p1\"><strong><span class=\"s1\">1 . RUA DO COM\u00c9RCIO<\/span><\/strong><\/p>\n<p class=\"p1\"><strong><span class=\"s1\">2 . ROSSIO<\/span><\/strong><\/p>\n<p class=\"p1\"><strong><span class=\"s1\">3 . RUA\u00a0 D. DUARTE<\/span><\/strong><\/p>\n<p class=\"p1\"><strong><span class=\"s1\">4 . RUA ESCURA<\/span><\/strong><\/p>\n<p class=\"p1\"><strong><span class=\"s1\">5 . MERCADO 2 DE MAIO<\/span><\/strong><\/p>\n<p class=\"p1\"><strong><span class=\"s1\">6 . ADRO DA S\u00c9<\/span><\/strong><\/p>\n<p class=\"p1\"><strong><span class=\"s1\">7 . LARGO DE S. TEOT\u00d3NIO<\/span><\/strong><\/p>\n<p class=\"p1\"><strong><span class=\"s1\">8 . PRA\u00c7A. D. DUARTE<\/span><\/strong><\/p>\n<p class=\"p1\"><strong><span class=\"s1\">9 . SANTA CRISTINA<\/span><\/strong><\/p>\n<p class=\"p1\"><strong><span class=\"s1\">10 . RUA DIREITA<\/span><\/strong><\/p>\n<p class=\"p1\"><strong><span class=\"s1\">11 . JARDINS DA CASA DO MIRADOURO<\/span><\/strong><\/p>\n<p class=\"p1\"><strong><span class=\"s1\">12 . LARGO PINTOR GATA<\/span><\/strong><\/p>","protected":false},"excerpt":{"rendered":"<p>1 . RUA DO COM\u00c9RCIO 2 . ROSSIO 3 . RUA\u00a0 D. DUARTE 4 . RUA ESCURA 5 . MERCADO 2 DE MAIO 6 . ADRO DA S\u00c9 7 . LARGO DE S. TEOT\u00d3NIO 8 . PRA\u00c7A. D. DUARTE 9 . SANTA CRISTINA 10 . RUA DIREITA 11 . JARDINS DA CASA DO MIRADOURO 12 [&hellip;]<\/p>","protected":false},"author":1,"featured_media":4318,"parent":0,"menu_order":8,"comment_status":"open","ping_status":"open","template":"page-mapa.php","meta":{"_acf_changed":false,"footnotes":""},"class_list":["post-193","page","type-page","status-publish","has-post-thumbnail","hentry"],"acf":[],"_links":{"self":[{"href":"https:\/\/edicao2025.jardimdasarteseletras.pt\/en\/wp-json\/wp\/v2\/pages\/193","targetHints":{"allow":["GET"]}}],"collection":[{"href":"https:\/\/edicao2025.jardimdasarteseletras.pt\/en\/wp-json\/wp\/v2\/pages"}],"about":[{"href":"https:\/\/edicao2025.jardimdasarteseletras.pt\/en\/wp-json\/wp\/v2\/types\/page"}],"author":[{"embeddable":true,"href":"https:\/\/edicao2025.jardimdasarteseletras.pt\/en\/wp-json\/wp\/v2\/users\/1"}],"replies":[{"embeddable":true,"href":"https:\/\/edicao2025.jardimdasarteseletras.pt\/en\/wp-json\/wp\/v2\/comments?post=193"}],"version-history":[{"count":8,"href":"https:\/\/edicao2025.jardimdasarteseletras.pt\/en\/wp-json\/wp\/v2\/pages\/193\/revisions"}],"predecessor-version":[{"id":4308,"href":"https:\/\/edicao2025.jardimdasarteseletras.pt\/en\/wp-json\/wp\/v2\/pages\/193\/revisions\/4308"}],"wp:featuredmedia":[{"embeddable":true,"href":"https:\/\/edicao2025.jardimdasarteseletras.pt\/en\/wp-json\/wp\/v2\/media\/4318"}],"wp:attachment":[{"href":"https:\/\/edicao2025.jardimdasarteseletras.pt\/en\/wp-json\/wp\/v2\/media?parent=193"}],"curies":[{"name":"wp","href":"https:\/\/api.w.org\/{rel}","templated":true}]}}